{"id":173,"date":"2021-01-05T18:48:50","date_gmt":"2021-01-05T18:48:50","guid":{"rendered":"https:\/\/demo.megathe.me\/test2\/jana\/?page_id=8"},"modified":"2024-03-21T18:26:27","modified_gmt":"2024-03-21T18:26:27","slug":"about","status":"publish","type":"page","link":"https:\/\/laurapaula.com\/?page_id=173","title":{"rendered":"NOSALTRES"},"content":{"rendered":"<p>[vc_row el_class=&#8221;no-margin full-width special&#8221; css=&#8221;.vc_custom_1616485469991{background-color: #f6f4f2 !important;}&#8221;][vc_column width=&#8221;1\/2&#8243; css=&#8221;.vc_custom_1649172372887{padding-top: 50px !important;padding-bottom: 50px !important;}&#8221;][vc_column_text css_animation=&#8221;right-to-left&#8221; el_class=&#8221;link-transition&#8221;]<\/p>\n<h2 class=\"shared_content\" data-content-guid=\"u226625-11_0_content\"><b>UN INSTANT ES FUSIONA AMB L&#8217;ETERNITAT<\/b><\/h2>\n<p>Soc la LAURA BATLLES dono un toc particular a all\u00f2 que m\u00e9s m\u2019agrada: Capturar moments \u00fanics. Vull que cada foto contingui emocions dif\u00edcils de descriure. Deixar\u00e9 en cada una d\u2019elles secrets que tan sols vosaltres podreu descobrir. Capturo mirades, car\u00edcies i somriures perqu\u00e8 hi pugueu veure complicitat i amor.<\/p>\n<p data-content-guid=\"u226625-11_4_content\">laura@batlles.com<\/p>\n<h4 data-content-guid=\"u226625-11_4_content\">Laura Batlles\u00a0 \u00b7 Mirades de realisme m\u00e0gic \u00b7<\/h4>\n<p data-content-guid=\"u226625-11_4_content\">www.laura.batllles.com\u00a0 |\u00a0 600 503 809\u00a0 |\u00a0 Avd. Catalunya 268, 17834 Porqueres (Girona)<\/p>\n<p>[\/vc_column_text][\/vc_column][vc_column width=&#8221;5\/6&#8243;][vc_single_image image=&#8221;2124&#8243; img_size=&#8221;full&#8221; alignment=&#8221;center&#8221; lazyload=&#8221;1&#8243;][\/vc_column][\/vc_row]<\/p>\n","protected":false},"excerpt":{"rendered":"<p>[vc_row el_class=&#8221;no-margin full-width special&#8221; css=&#8221;.vc_custom_1616485469991{background-color: #f6f4f2 !important;}&#8221;][vc_column width=&#8221;1\/2&#8243; css=&#8221;.vc_custom_1649172372887{padding-top: 50px !important;padding-bottom: 50px !important;}&#8221;][vc_column_text css_animation=&#8221;right-to-left&#8221; el_class=&#8221;link-transition&#8221;] UN INSTANT ES FUSIONA AMB L&#8217;ETERNITAT Soc la LAURA BATLLES dono un toc particular a all\u00f2 que m\u00e9s m\u2019agrada: Capturar moments \u00fanics. Vull que cada foto contingui emocions dif\u00edcils de descriure. Deixar\u00e9 en cada una d\u2019elles secrets que tan sols &hellip;<\/p>\n","protected":false},"author":1,"featured_media":0,"parent":0,"menu_order":0,"comment_status":"closed","ping_status":"closed","template":"blank-page.php","meta":{"footnotes":""},"class_list":["post-173","page","type-page","status-publish","hentry"],"yoast_head":"<!-- This site is optimized with the Yoast SEO plugin v19.2 - https:\/\/yoast.com\/wordpress\/plugins\/seo\/ -->\n<title>NOSALTRES -<\/title>\n<meta name=\"robots\" content=\"index, follow, max-snippet:-1, max-image-preview:large, max-video-preview:-1\" \/>\n<link rel=\"canonical\" href=\"https:\/\/laurapaula.com\/?page_id=173\" \/>\n<meta property=\"og:locale\" content=\"ca_ES\" \/>\n<meta property=\"og:type\" content=\"article\" \/>\n<meta property=\"og:title\" content=\"NOSALTRES -\" \/>\n<meta property=\"og:description\" content=\"[vc_row el_class=&#8221;no-margin full-width special&#8221; css=&#8221;.vc_custom_1616485469991{background-color: #f6f4f2 !important;}&#8221;][vc_column width=&#8221;1\/2&#8243; css=&#8221;.vc_custom_1649172372887{padding-top: 50px !important;padding-bottom: 50px !important;}&#8221;][vc_column_text css_animation=&#8221;right-to-left&#8221; el_class=&#8221;link-transition&#8221;] UN INSTANT ES FUSIONA AMB L&#8217;ETERNITAT Soc la LAURA BATLLES dono un toc particular a all\u00f2 que m\u00e9s m\u2019agrada: Capturar moments \u00fanics. Vull que cada foto contingui emocions dif\u00edcils de descriure. Deixar\u00e9 en cada una d\u2019elles secrets que tan sols &hellip;\" \/>\n<meta property=\"og:url\" content=\"https:\/\/laurapaula.com\/?page_id=173\" \/>\n<meta property=\"article:modified_time\" content=\"2024-03-21T18:26:27+00:00\" \/>\n<meta name=\"author\" content=\"admin\" \/>\n<meta name=\"twitter:card\" content=\"summary_large_image\" \/>\n<meta name=\"twitter:label1\" content=\"Temps estimat de lectura\" \/>\n\t<meta name=\"twitter:data1\" content=\"1 minut\" \/>\n<script type=\"application\/ld+json\" class=\"yoast-schema-graph\">{\"@context\":\"https:\/\/schema.org\",\"@graph\":[{\"@type\":\"WebSite\",\"@id\":\"https:\/\/laurapaula.com\/#website\",\"url\":\"https:\/\/laurapaula.com\/\",\"name\":\"\",\"description\":\"\",\"potentialAction\":[{\"@type\":\"SearchAction\",\"target\":{\"@type\":\"EntryPoint\",\"urlTemplate\":\"https:\/\/laurapaula.com\/?s={search_term_string}\"},\"query-input\":\"required name=search_term_string\"}],\"inLanguage\":\"ca\"},{\"@type\":\"WebPage\",\"@id\":\"https:\/\/laurapaula.com\/?page_id=173#webpage\",\"url\":\"https:\/\/laurapaula.com\/?page_id=173\",\"name\":\"NOSALTRES -\",\"isPartOf\":{\"@id\":\"https:\/\/laurapaula.com\/#website\"},\"datePublished\":\"2021-01-05T18:48:50+00:00\",\"dateModified\":\"2024-03-21T18:26:27+00:00\",\"breadcrumb\":{\"@id\":\"https:\/\/laurapaula.com\/?page_id=173#breadcrumb\"},\"inLanguage\":\"ca\",\"potentialAction\":[{\"@type\":\"ReadAction\",\"target\":[\"https:\/\/laurapaula.com\/?page_id=173\"]}]},{\"@type\":\"BreadcrumbList\",\"@id\":\"https:\/\/laurapaula.com\/?page_id=173#breadcrumb\",\"itemListElement\":[{\"@type\":\"ListItem\",\"position\":1,\"name\":\"Home\",\"item\":\"https:\/\/laurapaula.com\/\"},{\"@type\":\"ListItem\",\"position\":2,\"name\":\"NOSALTRES\"}]}]}<\/script>\n<!-- \/ Yoast SEO plugin. -->","yoast_head_json":{"title":"NOSALTRES -","robots":{"index":"index","follow":"follow","max-snippet":"max-snippet:-1","max-image-preview":"max-image-preview:large","max-video-preview":"max-video-preview:-1"},"canonical":"https:\/\/laurapaula.com\/?page_id=173","og_locale":"ca_ES","og_type":"article","og_title":"NOSALTRES -","og_description":"[vc_row el_class=&#8221;no-margin full-width special&#8221; css=&#8221;.vc_custom_1616485469991{background-color: #f6f4f2 !important;}&#8221;][vc_column width=&#8221;1\/2&#8243; css=&#8221;.vc_custom_1649172372887{padding-top: 50px !important;padding-bottom: 50px !important;}&#8221;][vc_column_text css_animation=&#8221;right-to-left&#8221; el_class=&#8221;link-transition&#8221;] UN INSTANT ES FUSIONA AMB L&#8217;ETERNITAT Soc la LAURA BATLLES dono un toc particular a all\u00f2 que m\u00e9s m\u2019agrada: Capturar moments \u00fanics. Vull que cada foto contingui emocions dif\u00edcils de descriure. Deixar\u00e9 en cada una d\u2019elles secrets que tan sols &hellip;","og_url":"https:\/\/laurapaula.com\/?page_id=173","article_modified_time":"2024-03-21T18:26:27+00:00","author":"admin","twitter_card":"summary_large_image","twitter_misc":{"Temps estimat de lectura":"1 minut"},"schema":{"@context":"https:\/\/schema.org","@graph":[{"@type":"WebSite","@id":"https:\/\/laurapaula.com\/#website","url":"https:\/\/laurapaula.com\/","name":"","description":"","potentialAction":[{"@type":"SearchAction","target":{"@type":"EntryPoint","urlTemplate":"https:\/\/laurapaula.com\/?s={search_term_string}"},"query-input":"required name=search_term_string"}],"inLanguage":"ca"},{"@type":"WebPage","@id":"https:\/\/laurapaula.com\/?page_id=173#webpage","url":"https:\/\/laurapaula.com\/?page_id=173","name":"NOSALTRES -","isPartOf":{"@id":"https:\/\/laurapaula.com\/#website"},"datePublished":"2021-01-05T18:48:50+00:00","dateModified":"2024-03-21T18:26:27+00:00","breadcrumb":{"@id":"https:\/\/laurapaula.com\/?page_id=173#breadcrumb"},"inLanguage":"ca","potentialAction":[{"@type":"ReadAction","target":["https:\/\/laurapaula.com\/?page_id=173"]}]},{"@type":"BreadcrumbList","@id":"https:\/\/laurapaula.com\/?page_id=173#breadcrumb","itemListElement":[{"@type":"ListItem","position":1,"name":"Home","item":"https:\/\/laurapaula.com\/"},{"@type":"ListItem","position":2,"name":"NOSALTRES"}]}]}},"_links":{"self":[{"href":"https:\/\/laurapaula.com\/index.php?rest_route=\/wp\/v2\/pages\/173","targetHints":{"allow":["GET"]}}],"collection":[{"href":"https:\/\/laurapaula.com\/index.php?rest_route=\/wp\/v2\/pages"}],"about":[{"href":"https:\/\/laurapaula.com\/index.php?rest_route=\/wp\/v2\/types\/page"}],"author":[{"embeddable":true,"href":"https:\/\/laurapaula.com\/index.php?rest_route=\/wp\/v2\/users\/1"}],"replies":[{"embeddable":true,"href":"https:\/\/laurapaula.com\/index.php?rest_route=%2Fwp%2Fv2%2Fcomments&post=173"}],"version-history":[{"count":27,"href":"https:\/\/laurapaula.com\/index.php?rest_route=\/wp\/v2\/pages\/173\/revisions"}],"predecessor-version":[{"id":2216,"href":"https:\/\/laurapaula.com\/index.php?rest_route=\/wp\/v2\/pages\/173\/revisions\/2216"}],"wp:attachment":[{"href":"https:\/\/laurapaula.com\/index.php?rest_route=%2Fwp%2Fv2%2Fmedia&parent=173"}],"curies":[{"name":"wp","href":"https:\/\/api.w.org\/{rel}","templated":true}]}}